{"id":7434,"date":"2021-07-03T04:11:18","date_gmt":"2021-07-03T04:11:18","guid":{"rendered":"https:\/\/afuegotravel.com\/?page_id=7434"},"modified":"2025-07-24T00:59:10","modified_gmt":"2025-07-24T00:59:10","slug":"contact-us","status":"publish","type":"page","link":"https:\/\/afuegotravel.com\/index.php\/contact-us\/","title":{"rendered":"CONTACT US"},"content":{"rendered":"\t\t<div data-elementor-type=\"wp-page\" data-elementor-id=\"7434\" class=\"elementor elementor-7434\">\n\t\t\t\t\t\t<section class=\"elementor-section elementor-top-section elementor-element elementor-element-d92acdb elementor-section-boxed elementor-section-height-default elementor-section-height-default wpr-particle-no wpr-jarallax-no wpr-parallax-no wpr-sticky-section-no wpr-equal-height-no\" data-id=\"d92acdb\" data-element_type=\"section\" data-e-type=\"section\">\n\t\t\t\t\t\t<div class=\"elementor-container elementor-column-gap-default\">\n\t\t\t\t\t<div class=\"elementor-column elementor-col-100 elementor-top-column elementor-element elementor-element-ae9838b\" data-id=\"ae9838b\" data-element_type=\"column\" data-e-type=\"column\">\n\t\t\t<div class=\"elementor-widget-wrap elementor-element-populated\">\n\t\t\t\t\t\t<div class=\"elementor-element elementor-element-2a4dea4 elementor-widget-divider--view-line elementor-widget elementor-widget-divider\" data-id=\"2a4dea4\" data-element_type=\"widget\" data-e-type=\"widget\" data-widget_type=\"divider.default\">\n\t\t\t\t<div class=\"elementor-widget-container\">\n\t\t\t\t\t\t\t<div class=\"elementor-divider\">\n\t\t\t<span class=\"elementor-divider-separator\">\n\t\t\t\t\t\t<\/span>\n\t\t<\/div>\n\t\t\t\t\t\t<\/div>\n\t\t\t\t<\/div>\n\t\t\t\t<div class=\"elementor-element elementor-element-3227ce0 elementor-widget elementor-widget-heading\" data-id=\"3227ce0\" data-element_type=\"widget\" data-e-type=\"widget\" data-widget_type=\"heading.default\">\n\t\t\t\t<div class=\"elementor-widget-container\">\n\t\t\t\t\t<h2 class=\"elementor-heading-title elementor-size-default\">\u00bfTienes preguntas? Tenemos las respuestas.<\/h2>\t\t\t\t<\/div>\n\t\t\t\t<\/div>\n\t\t\t\t\t<\/div>\n\t\t<\/div>\n\t\t\t\t\t<\/div>\n\t\t<\/section>\n\t\t\t\t<section class=\"elementor-section elementor-top-section elementor-element elementor-element-88fa3e9 elementor-section-boxed elementor-section-height-default elementor-section-height-default wpr-particle-no wpr-jarallax-no wpr-parallax-no wpr-sticky-section-no wpr-equal-height-no\" data-id=\"88fa3e9\" data-element_type=\"section\" data-e-type=\"section\">\n\t\t\t\t\t\t<div class=\"elementor-container elementor-column-gap-default\">\n\t\t\t\t\t<div class=\"elementor-column elementor-col-50 elementor-top-column elementor-element elementor-element-ac493eb\" data-id=\"ac493eb\" data-element_type=\"column\" data-e-type=\"column\">\n\t\t\t<div class=\"elementor-widget-wrap elementor-element-populated\">\n\t\t\t\t\t\t<div class=\"elementor-element elementor-element-c86c708 elementor-widget elementor-widget-image\" data-id=\"c86c708\" data-element_type=\"widget\" data-e-type=\"widget\" data-widget_type=\"image.default\">\n\t\t\t\t<div class=\"elementor-widget-container\">\n\t\t\t\t\t\t\t\t\t\t\t\t\t\t\t<img decoding=\"async\" src=\"https:\/\/afuegotravel.com\/wp-content\/uploads\/2023\/10\/sanpellegrino2.jpeg\" title=\"sanpellegrino2\" alt=\"sanpellegrino2\" loading=\"lazy\" \/>\t\t\t\t\t\t\t\t\t\t\t\t\t\t\t<\/div>\n\t\t\t\t<\/div>\n\t\t\t\t\t<\/div>\n\t\t<\/div>\n\t\t\t\t<div class=\"elementor-column elementor-col-50 elementor-top-column elementor-element elementor-element-bcf24d2\" data-id=\"bcf24d2\" data-element_type=\"column\" data-e-type=\"column\">\n\t\t\t<div class=\"elementor-widget-wrap elementor-element-populated\">\n\t\t\t\t\t\t<div class=\"elementor-element elementor-element-9e4cede elementor-widget elementor-widget-text-editor\" data-id=\"9e4cede\" data-element_type=\"widget\" data-e-type=\"widget\" data-widget_type=\"text-editor.default\">\n\t\t\t\t<div class=\"elementor-widget-container\">\n\t\t\t\t\t\t\t\t\t<p class=\"p1\">Para m\u00e1s informaci\u00f3n, por favor cont\u00e1ctenos por correo electr\u00f3nico o Whatsapp, de acuerdo a tus necesidades. Estaremos encantados de responder a tus preguntas y ayudarte con cualquiera de tus solicitudes.<\/p>\t\t\t\t\t\t\t\t<\/div>\n\t\t\t\t<\/div>\n\t\t\t\t<section class=\"elementor-section elementor-inner-section elementor-element elementor-element-62a8e22 elementor-section-boxed elementor-section-height-default elementor-section-height-default wpr-particle-no wpr-jarallax-no wpr-parallax-no wpr-sticky-section-no wpr-equal-height-no\" data-id=\"62a8e22\" data-element_type=\"section\" data-e-type=\"section\">\n\t\t\t\t\t\t<div class=\"elementor-container elementor-column-gap-default\">\n\t\t\t\t\t<div class=\"elementor-column elementor-col-50 elementor-inner-column elementor-element elementor-element-7fd22b0\" data-id=\"7fd22b0\" data-element_type=\"column\" data-e-type=\"column\">\n\t\t\t<div class=\"elementor-widget-wrap elementor-element-populated\">\n\t\t\t\t\t\t<div class=\"elementor-element elementor-element-701b52f elementor-widget elementor-widget-text-editor\" data-id=\"701b52f\" data-element_type=\"widget\" data-e-type=\"widget\" data-widget_type=\"text-editor.default\">\n\t\t\t\t<div class=\"elementor-widget-container\">\n\t\t\t\t\t\t\t\t\t<p>E-mail<\/p>\t\t\t\t\t\t\t\t<\/div>\n\t\t\t\t<\/div>\n\t\t\t\t\t<\/div>\n\t\t<\/div>\n\t\t\t\t<div class=\"elementor-column elementor-col-50 elementor-inner-column elementor-element elementor-element-effbd21\" data-id=\"effbd21\" data-element_type=\"column\" data-e-type=\"column\">\n\t\t\t<div class=\"elementor-widget-wrap elementor-element-populated\">\n\t\t\t\t\t\t<div class=\"elementor-element elementor-element-dc985f5 elementor-widget elementor-widget-text-editor\" data-id=\"dc985f5\" data-element_type=\"widget\" data-e-type=\"widget\" data-widget_type=\"text-editor.default\">\n\t\t\t\t<div class=\"elementor-widget-container\">\n\t\t\t\t\t\t\t\t\t<p><a href=\"mailto:afuegotravel@gmail.com\">afuegotravel@gmail.com<\/a><\/p>\t\t\t\t\t\t\t\t<\/div>\n\t\t\t\t<\/div>\n\t\t\t\t\t<\/div>\n\t\t<\/div>\n\t\t\t\t\t<\/div>\n\t\t<\/section>\n\t\t\t\t<section class=\"elementor-section elementor-inner-section elementor-element elementor-element-53fcc6d elementor-section-boxed elementor-section-height-default elementor-section-height-default wpr-particle-no wpr-jarallax-no wpr-parallax-no wpr-sticky-section-no wpr-equal-height-no\" data-id=\"53fcc6d\" data-element_type=\"section\" data-e-type=\"section\">\n\t\t\t\t\t\t<div class=\"elementor-container elementor-column-gap-default\">\n\t\t\t\t\t<div class=\"elementor-column elementor-col-50 elementor-inner-column elementor-element elementor-element-a46c6d8\" data-id=\"a46c6d8\" data-element_type=\"column\" data-e-type=\"column\">\n\t\t\t<div class=\"elementor-widget-wrap elementor-element-populated\">\n\t\t\t\t\t\t<div class=\"elementor-element elementor-element-368a3e2 elementor-widget elementor-widget-text-editor\" data-id=\"368a3e2\" data-element_type=\"widget\" data-e-type=\"widget\" data-widget_type=\"text-editor.default\">\n\t\t\t\t<div class=\"elementor-widget-container\">\n\t\t\t\t\t\t\t\t\t<p>WhatsApp<\/p>\t\t\t\t\t\t\t\t<\/div>\n\t\t\t\t<\/div>\n\t\t\t\t\t<\/div>\n\t\t<\/div>\n\t\t\t\t<div class=\"elementor-column elementor-col-50 elementor-inner-column elementor-element elementor-element-2b7f196\" data-id=\"2b7f196\" data-element_type=\"column\" data-e-type=\"column\">\n\t\t\t<div class=\"elementor-widget-wrap elementor-element-populated\">\n\t\t\t\t\t\t<div class=\"elementor-element elementor-element-fae832d elementor-widget elementor-widget-shortcode\" data-id=\"fae832d\" data-element_type=\"widget\" data-e-type=\"widget\" data-widget_type=\"shortcode.default\">\n\t\t\t\t<div class=\"elementor-widget-container\">\n\t\t\t\t\t\t\t<div class=\"elementor-shortcode\"> <div  data-pre_filled=\"Hola!!\" data-style=\"7_1\" style=\"display: inline; cursor: pointer; z-index: 99999999; \" class=\"ht-ctc-sc ht-ctc-sc-chat sc-style-7_1 ht-ctc-inline\"><style id=\"ht-ctc-sc-s7_1\">.ht-ctc-sc.sc-style-7_1:hover .ctc_s_7_1{background-color:#00d34d !important;}.ht-ctc-sc.sc-style-7_1:hover .ctc_s_7_1_cta{color:#f4f4f4 !important;}.ht-ctc-sc.sc-style-7_1:hover svg g path{fill:#f4f4f4 !important;}<\/style>\n    <div class=\"ctc_s_7_1 ctc-analytics\" style=\"display:inline-flex;justify-content:center;align-items:center;padding:5px 25px; background-color:#25D366;border-radius:25px;\">\n        <p class=\"ctc_s_7_1_cta ctc-analytics ctc_cta ht-ctc-cta \" style=\"padding: 1px 16px; color: #ffffff; border-radius:10px; margin:0 10px; order: 1; \">Chat with Us<\/p>\n        <div class=\"ctc_s_7_icon_padding ctc-analytics \" style=\"display:inline-flex; \">\n            <svg style=\"pointer-events:none; display:block; height:20px; width:20px;\" height=\"20px\" version=\"1.1\" viewBox=\"0 0 509 512\" width=\"20px\">\n        <g fill=\"none\" fill-rule=\"evenodd\" id=\"Page-1\" stroke=\"none\" stroke-width=\"1\">\n            <path style=\"fill: #ffffff;\" d=\"M259.253137,0.00180389396 C121.502859,0.00180389396 9.83730687,111.662896 9.83730687,249.413175 C9.83730687,296.530232 22.9142299,340.597122 45.6254897,378.191325 L0.613226597,512.001804 L138.700183,467.787757 C174.430395,487.549184 215.522926,498.811168 259.253137,498.811168 C396.994498,498.811168 508.660049,387.154535 508.660049,249.415405 C508.662279,111.662896 396.996727,0.00180389396 259.253137,0.00180389396 L259.253137,0.00180389396 Z M259.253137,459.089875 C216.65782,459.089875 176.998957,446.313956 143.886359,424.41206 L63.3044195,450.21808 L89.4939401,372.345171 C64.3924908,337.776609 49.5608297,295.299463 49.5608297,249.406486 C49.5608297,133.783298 143.627719,39.7186378 259.253137,39.7186378 C374.871867,39.7186378 468.940986,133.783298 468.940986,249.406486 C468.940986,365.025215 374.874096,459.089875 259.253137,459.089875 Z M200.755924,146.247066 C196.715791,136.510165 193.62103,136.180176 187.380228,135.883632 C185.239759,135.781068 182.918689,135.682963 180.379113,135.682963 C172.338979,135.682963 164.002301,138.050856 158.97889,143.19021 C152.865178,149.44439 137.578667,164.09322 137.578667,194.171258 C137.578667,224.253755 159.487251,253.321759 162.539648,257.402027 C165.600963,261.477835 205.268745,324.111057 266.985579,349.682963 C315.157262,369.636141 329.460495,367.859106 340.450462,365.455539 C356.441543,361.9639 376.521811,350.186865 381.616571,335.917077 C386.711331,321.63837 386.711331,309.399797 385.184018,306.857991 C383.654475,304.305037 379.578667,302.782183 373.464955,299.716408 C367.351242,296.659552 337.288812,281.870254 331.68569,279.83458 C326.080339,277.796676 320.898622,278.418749 316.5887,284.378615 C310.639982,292.612729 304.918689,301.074268 300.180674,306.09099 C296.46161,310.02856 290.477218,310.577055 285.331175,308.389764 C278.564174,305.506821 259.516237,298.869139 236.160607,278.048627 C217.988923,261.847958 205.716906,241.83458 202.149458,235.711949 C198.582011,229.598236 201.835077,225.948292 204.584241,222.621648 C207.719135,218.824546 210.610997,216.097679 213.667853,212.532462 C216.724709,208.960555 218.432625,207.05866 220.470529,202.973933 C222.508433,198.898125 221.137195,194.690767 219.607652,191.629452 C218.07588,188.568136 205.835077,158.494558 200.755924,146.247066 Z\" \n            fill=\"#ffffff\" id=\"htwaicon-chat-sc\"\/>\n        <\/g>\n        <\/svg>\n        <\/div>\n    <\/div>\n<\/div><\/div>\n\t\t\t\t\t\t<\/div>\n\t\t\t\t<\/div>\n\t\t\t\t\t<\/div>\n\t\t<\/div>\n\t\t\t\t\t<\/div>\n\t\t<\/section>\n\t\t\t\t\t<\/div>\n\t\t<\/div>\n\t\t\t\t\t<\/div>\n\t\t<\/section>\n\t\t\t\t<section class=\"elementor-section elementor-top-section elementor-element elementor-element-a0c5ffb elementor-section-boxed elementor-section-height-default elementor-section-height-default wpr-particle-no wpr-jarallax-no wpr-parallax-no wpr-sticky-section-no wpr-equal-height-no\" data-id=\"a0c5ffb\" data-element_type=\"section\" data-e-type=\"section\">\n\t\t\t\t\t\t<div class=\"elementor-container elementor-column-gap-default\">\n\t\t\t\t\t<div class=\"elementor-column elementor-col-100 elementor-top-column elementor-element elementor-element-ce7e626\" data-id=\"ce7e626\" data-element_type=\"column\" data-e-type=\"column\">\n\t\t\t<div class=\"elementor-widget-wrap elementor-element-populated\">\n\t\t\t\t\t\t<div class=\"elementor-element elementor-element-da0fb7d elementor-widget elementor-widget-text-editor\" data-id=\"da0fb7d\" data-element_type=\"widget\" data-e-type=\"widget\" data-widget_type=\"text-editor.default\">\n\t\t\t\t<div class=\"elementor-widget-container\">\n\t\t\t\t\t\t\t\t\t<p>Si lo prefieres puedes rellenar el siguiente formulario para recibir informaci\u00f3n.<\/p><p>(los campos con * son obligatorios)<\/p>\t\t\t\t\t\t\t\t<\/div>\n\t\t\t\t<\/div>\n\t\t\t\t<div class=\"elementor-element elementor-element-b0297ad elementor-widget-divider--view-line elementor-widget elementor-widget-divider\" data-id=\"b0297ad\" data-element_type=\"widget\" data-e-type=\"widget\" data-widget_type=\"divider.default\">\n\t\t\t\t<div class=\"elementor-widget-container\">\n\t\t\t\t\t\t\t<div class=\"elementor-divider\">\n\t\t\t<span class=\"elementor-divider-separator\">\n\t\t\t\t\t\t<\/span>\n\t\t<\/div>\n\t\t\t\t\t\t<\/div>\n\t\t\t\t<\/div>\n\t\t\t\t\t<\/div>\n\t\t<\/div>\n\t\t\t\t\t<\/div>\n\t\t<\/section>\n\t\t\t\t<section class=\"elementor-section elementor-top-section elementor-element elementor-element-a967fc7 elementor-section-boxed elementor-section-height-default elementor-section-height-default wpr-particle-no wpr-jarallax-no wpr-parallax-no wpr-sticky-section-no wpr-equal-height-no\" data-id=\"a967fc7\" data-element_type=\"section\" data-e-type=\"section\">\n\t\t\t\t\t\t<div class=\"elementor-container elementor-column-gap-default\">\n\t\t\t\t\t<div class=\"elementor-column elementor-col-100 elementor-top-column elementor-element elementor-element-66c3ffd\" data-id=\"66c3ffd\" data-element_type=\"column\" data-e-type=\"column\">\n\t\t\t<div class=\"elementor-widget-wrap elementor-element-populated\">\n\t\t\t\t\t\t<div class=\"elementor-element elementor-element-cf3d143 elementor-widget elementor-widget-shortcode\" data-id=\"cf3d143\" data-element_type=\"widget\" data-e-type=\"widget\" data-widget_type=\"shortcode.default\">\n\t\t\t\t<div class=\"elementor-widget-container\">\n\t\t\t\t\t\t\t<div class=\"elementor-shortcode\">\n<div class=\"wpcf7 no-js\" id=\"wpcf7-f10157-o1\" lang=\"en-US\" dir=\"ltr\" data-wpcf7-id=\"10157\">\n<div class=\"screen-reader-response\"><p role=\"status\" aria-live=\"polite\" aria-atomic=\"true\"><\/p> <ul><\/ul><\/div>\n<form action=\"\/index.php\/wp-json\/wp\/v2\/pages\/7434#wpcf7-f10157-o1\" method=\"post\" class=\"wpcf7-form init\" aria-label=\"Contact form\" novalidate=\"novalidate\" data-status=\"init\">\n<fieldset class=\"hidden-fields-container\"><input type=\"hidden\" name=\"_wpcf7\" value=\"10157\" \/><input type=\"hidden\" name=\"_wpcf7_version\" value=\"6.1.5\" \/><input type=\"hidden\" name=\"_wpcf7_locale\" value=\"en_US\" \/><input type=\"hidden\" name=\"_wpcf7_unit_tag\" value=\"wpcf7-f10157-o1\" \/><input type=\"hidden\" name=\"_wpcf7_container_post\" value=\"0\" \/><input type=\"hidden\" name=\"_wpcf7_posted_data_hash\" value=\"\" \/>\n<\/fieldset>\n<p><label> Nombre y Apellido* <span class=\"wpcf7-form-control-wrap\" data-name=\"your-name\"><input size=\"40\" maxlength=\"400\" class=\"wpcf7-form-control wpcf7-text wpcf7-validates-as-required\" autocomplete=\"name\" aria-required=\"true\" aria-invalid=\"false\" value=\"\" type=\"text\" name=\"your-name\" \/><\/span><\/label>\n<\/p>\n<p><label> Correo electr\u00f3nico*<br \/>\n<span class=\"wpcf7-form-control-wrap\" data-name=\"your-email\"><input size=\"40\" maxlength=\"400\" class=\"wpcf7-form-control wpcf7-email wpcf7-validates-as-required wpcf7-text wpcf7-validates-as-email\" autocomplete=\"email\" aria-required=\"true\" aria-invalid=\"false\" value=\"\" type=\"email\" name=\"your-email\" \/><\/span> <\/label><br \/>\n<label> Tel\u00e9fono <span class=\"wpcf7-form-control-wrap\" data-name=\"your-tel\"><input size=\"40\" maxlength=\"400\" class=\"wpcf7-form-control wpcf7-tel wpcf7-text wpcf7-validates-as-tel\" autocomplete=\"tel\" aria-invalid=\"false\" value=\"\" type=\"tel\" name=\"your-tel\" \/><\/span><\/label>\n<\/p>\n<p><label> Informaci\u00f3n acerca de* <span class=\"wpcf7-form-control-wrap\" data-name=\"menu-955\"><select class=\"wpcf7-form-control wpcf7-select wpcf7-validates-as-required\" aria-required=\"true\" aria-invalid=\"false\" name=\"menu-955\"><option value=\"Viajes\">Viajes<\/option><option value=\"Viaje Personalizado\">Viaje Personalizado<\/option><\/select><\/span><\/label>\n<\/p>\n<p><label> Mensaje* <span class=\"wpcf7-form-control-wrap\" data-name=\"textarea-938\"><textarea cols=\"40\" rows=\"10\" maxlength=\"2000\" class=\"wpcf7-form-control wpcf7-textarea wpcf7-validates-as-required\" aria-required=\"true\" aria-invalid=\"false\" name=\"textarea-938\"><\/textarea><\/span><\/label>\n<\/p>\n<p><input class=\"wpcf7-form-control wpcf7-submit has-spinner\" type=\"submit\" value=\"Submit\" \/>\n<\/p><div class=\"wpcf7-response-output\" aria-hidden=\"true\"><\/div>\n<\/form>\n<\/div>\n<\/div>\n\t\t\t\t\t\t<\/div>\n\t\t\t\t<\/div>\n\t\t\t\t\t<\/div>\n\t\t<\/div>\n\t\t\t\t\t<\/div>\n\t\t<\/section>\n\t\t\t\t<\/div>\n\t\t","protected":false},"excerpt":{"rendered":"<p>\u00bfTienes preguntas? Tenemos las respuestas. Para m\u00e1s informaci\u00f3n, por favor cont\u00e1ctenos por correo electr\u00f3nico o Whatsapp, de acuerdo a tus necesidades. Estaremos encantados de responder a tus preguntas y ayudarte con cualquiera de tus solicitudes. E-mail afuegotravel@gmail.com WhatsApp Si lo prefieres puedes rellenar el siguiente formulario para recibir informaci\u00f3n. (los campos con * son obligatorios)<\/p>\n","protected":false},"author":1,"featured_media":0,"parent":0,"menu_order":0,"comment_status":"closed","ping_status":"closed","template":"","meta":{"_monsterinsights_skip_tracking":false,"_monsterinsights_sitenote_active":false,"_monsterinsights_sitenote_note":"","_monsterinsights_sitenote_category":0,"footnotes":""},"class_list":["post-7434","page","type-page","status-publish","hentry"],"aioseo_notices":[],"_links":{"self":[{"href":"https:\/\/afuegotravel.com\/index.php\/wp-json\/wp\/v2\/pages\/7434","targetHints":{"allow":["GET"]}}],"collection":[{"href":"https:\/\/afuegotravel.com\/index.php\/wp-json\/wp\/v2\/pages"}],"about":[{"href":"https:\/\/afuegotravel.com\/index.php\/wp-json\/wp\/v2\/types\/page"}],"author":[{"embeddable":true,"href":"https:\/\/afuegotravel.com\/index.php\/wp-json\/wp\/v2\/users\/1"}],"replies":[{"embeddable":true,"href":"https:\/\/afuegotravel.com\/index.php\/wp-json\/wp\/v2\/comments?post=7434"}],"version-history":[{"count":0,"href":"https:\/\/afuegotravel.com\/index.php\/wp-json\/wp\/v2\/pages\/7434\/revisions"}],"wp:attachment":[{"href":"https:\/\/afuegotravel.com\/index.php\/wp-json\/wp\/v2\/media?parent=7434"}],"curies":[{"name":"wp","href":"https:\/\/api.w.org\/{rel}","templated":true}]}}